{"id":1346,"date":"2025-04-21T06:35:40","date_gmt":"2025-04-21T06:35:40","guid":{"rendered":"http:\/\/umhlegal.com\/index.php\/our-team\/"},"modified":"2025-06-23T18:39:38","modified_gmt":"2025-06-23T18:39:38","slug":"our-team","status":"publish","type":"page","link":"https:\/\/umhlegal.com\/en\/our-team\/","title":{"rendered":"Our Team"},"content":{"rendered":"\t\t<div data-elementor-type=\"wp-page\" data-elementor-id=\"1346\" class=\"elementor elementor-1346 elementor-212\" data-elementor-post-type=\"page\">\n\t\t\t\t\t\t<section class=\"elementor-section elementor-top-section elementor-element elementor-element-68a0f632 elementor-section-boxed elementor-section-height-default elementor-section-height-default\" data-id=\"68a0f632\" data-element_type=\"section\" data-e-type=\"section\" data-settings=\"{&quot;background_background&quot;:&quot;classic&quot;}\">\n\t\t\t\t\t\t\t<div class=\"elementor-background-overlay\"><\/div>\n\t\t\t\t\t\t\t<div class=\"elementor-container elementor-column-gap-default\">\n\t\t\t\t\t<div class=\"elementor-column elementor-col-100 elementor-top-column elementor-element elementor-element-a9cf993\" data-id=\"a9cf993\" data-element_type=\"column\" data-e-type=\"column\">\n\t\t\t<div class=\"elementor-widget-wrap elementor-element-populated\">\n\t\t\t\t\t\t<div class=\"elementor-element elementor-element-1a67ad8 elementor-widget elementor-widget-heading\" data-id=\"1a67ad8\" data-element_type=\"widget\" data-e-type=\"widget\" data-widget_type=\"heading.default\">\n\t\t\t\t<div class=\"elementor-widget-container\">\n\t\t\t\t\t<h1 class=\"elementor-heading-title elementor-size-default\">OUR PROFESSIONAL TEAM<\/h1>\t\t\t\t<\/div>\n\t\t\t\t<\/div>\n\t\t\t\t\t<\/div>\n\t\t<\/div>\n\t\t\t\t\t<\/div>\n\t\t<\/section>\n\t\t\t\t<section class=\"elementor-section elementor-top-section elementor-element elementor-element-40673af8 elementor-section-boxed elementor-section-height-default elementor-section-height-default\" data-id=\"40673af8\" data-element_type=\"section\" data-e-type=\"section\" data-settings=\"{&quot;background_background&quot;:&quot;classic&quot;}\">\n\t\t\t\t\t\t<div class=\"elementor-container elementor-column-gap-default\">\n\t\t\t\t\t<div class=\"elementor-column elementor-col-100 elementor-top-column elementor-element elementor-element-730035b1\" data-id=\"730035b1\" data-element_type=\"column\" data-e-type=\"column\" data-settings=\"{&quot;background_background&quot;:&quot;classic&quot;}\">\n\t\t\t<div class=\"elementor-widget-wrap elementor-element-populated\">\n\t\t\t\t\t\t<div class=\"elementor-element elementor-element-623b6df elementor-grid-4 elementor-grid-tablet-2 elementor-grid-mobile-1 elementor-widget elementor-widget-loop-grid\" data-id=\"623b6df\" data-element_type=\"widget\" data-e-type=\"widget\" data-settings=\"{&quot;template_id&quot;:1362,&quot;columns&quot;:4,&quot;row_gap&quot;:{&quot;unit&quot;:&quot;px&quot;,&quot;size&quot;:0,&quot;sizes&quot;:[]},&quot;_skin&quot;:&quot;post&quot;,&quot;columns_tablet&quot;:&quot;2&quot;,&quot;columns_mobile&quot;:&quot;1&quot;,&quot;edit_handle_selector&quot;:&quot;[data-elementor-type=\\&quot;loop-item\\&quot;]&quot;,&quot;row_gap_tablet&quot;:{&quot;unit&quot;:&quot;px&quot;,&quot;size&quot;:&quot;&quot;,&quot;sizes&quot;:[]},&quot;row_gap_mobile&quot;:{&quot;unit&quot;:&quot;px&quot;,&quot;size&quot;:&quot;&quot;,&quot;sizes&quot;:[]}}\" data-widget_type=\"loop-grid.post\">\n\t\t\t\t<div class=\"elementor-widget-container\">\n\t\t\t\t\t\t\t<div class=\"elementor-loop-container elementor-grid\" role=\"list\">\n\t\t<style id=\"loop-1362\">.elementor-1362 .elementor-element.elementor-element-be4e75c{padding:10px 0px 0px 0px;}.elementor-1362 .elementor-element.elementor-element-46870ff.elementor-column > .elementor-widget-wrap{justify-content:space-evenly;}.elementor-1362 .elementor-element.elementor-element-46870ff > .elementor-widget-wrap > .elementor-widget:not(.elementor-widget__width-auto):not(.elementor-widget__width-initial):not(:last-child):not(.elementor-absolute){margin-block-end:5px;}.elementor-1362 .elementor-element.elementor-element-46870ff > .elementor-element-populated{padding:10px 1px 0px 0px;}.elementor-1362 .elementor-element.elementor-element-85493f8{text-align:center;}.elementor-1362 .elementor-element.elementor-element-85493f8 img{border-radius:26px 26px 26px 26px;}.elementor-1362 .elementor-element.elementor-element-f410ec6{text-align:center;}.elementor-1362 .elementor-element.elementor-element-f410ec6 .elementor-heading-title{font-size:26px;}.elementor-1362 .elementor-element.elementor-element-f410ec6 > .elementor-widget-container{margin:6px 0px 0px 0px;padding:0px 0px 0px 0px;}.elementor-1362 .elementor-element.elementor-element-4ee7747{text-align:center;font-family:\"Open Sans\", Sans-serif;font-size:16px;line-height:1.5em;}.elementor-1362 .elementor-element.elementor-element-4ee7747 > .elementor-widget-container{margin:0px 0px 0px 0px;}.elementor-1362 .elementor-element.elementor-element-3f9f970 .elementor-icon-wrapper{text-align:center;}.elementor-1362 .elementor-element.elementor-element-3f9f970.elementor-view-stacked .elementor-icon{background-color:var( --e-global-color-secondary );}.elementor-1362 .elementor-element.elementor-element-3f9f970.elementor-view-framed .elementor-icon, .elementor-1362 .elementor-element.elementor-element-3f9f970.elementor-view-default .elementor-icon{color:var( --e-global-color-secondary );border-color:var( --e-global-color-secondary );}.elementor-1362 .elementor-element.elementor-element-3f9f970.elementor-view-framed .elementor-icon, .elementor-1362 .elementor-element.elementor-element-3f9f970.elementor-view-default .elementor-icon svg{fill:var( --e-global-color-secondary );}.elementor-1362 .elementor-element.elementor-element-3f9f970.elementor-view-stacked .elementor-icon:hover{background-color:var( --e-global-color-primary );}.elementor-1362 .elementor-element.elementor-element-3f9f970.elementor-view-framed .elementor-icon:hover, .elementor-1362 .elementor-element.elementor-element-3f9f970.elementor-view-default .elementor-icon:hover{color:var( --e-global-color-primary );border-color:var( --e-global-color-primary );}.elementor-1362 .elementor-element.elementor-element-3f9f970.elementor-view-framed .elementor-icon:hover, .elementor-1362 .elementor-element.elementor-element-3f9f970.elementor-view-default .elementor-icon:hover svg{fill:var( --e-global-color-primary );}.elementor-1362 .elementor-element.elementor-element-3f9f970 .elementor-icon{font-size:19px;}.elementor-1362 .elementor-element.elementor-element-3f9f970 .elementor-icon svg{height:19px;}.elementor-1362 .elementor-element.elementor-element-3f9f970 > .elementor-widget-container{margin:0px 0px 0px 0px;}@media(min-width:768px){.elementor-1362 .elementor-element.elementor-element-46870ff{width:100%;}}@media(max-width:1024px){.elementor-1362 .elementor-element.elementor-element-be4e75c{padding:10px 10px 0px 10px;}.elementor-1362 .elementor-element.elementor-element-46870ff > .elementor-element-populated{padding:10px 10px 0px 10px;}.elementor-1362 .elementor-element.elementor-element-f410ec6 > .elementor-widget-container{padding:0px 0px 0px 0px;}.elementor-1362 .elementor-element.elementor-element-4ee7747{font-size:14px;}}@media(max-width:767px){.elementor-1362 .elementor-element.elementor-element-be4e75c{margin-top:0px;margin-bottom:0px;padding:10px 0px 0px 0px;}.elementor-1362 .elementor-element.elementor-element-46870ff > .elementor-element-populated{margin:0px 0px 0px 0px;--e-column-margin-right:0px;--e-column-margin-left:0px;padding:10px 0px 0px 0px;}}<\/style>\t\t<div data-elementor-type=\"loop-item\" data-elementor-id=\"1362\" class=\"elementor elementor-1362 elementor-923 e-loop-item e-loop-item-1656 post-1656 ekip type-ekip status-publish has-post-thumbnail hentry\" data-elementor-post-type=\"elementor_library\" data-custom-edit-handle=\"1\">\n\t\t\t\t\t<section class=\"elementor-section elementor-top-section elementor-element elementor-element-be4e75c elementor-section-boxed elementor-section-height-default elementor-section-height-default elementor-invisible\" data-id=\"be4e75c\" data-element_type=\"section\" data-e-type=\"section\" data-settings=\"{&quot;animation&quot;:&quot;fadeInLeft&quot;}\">\n\t\t\t\t\t\t<div class=\"elementor-container elementor-column-gap-default\">\n\t\t\t\t\t<div class=\"elementor-column elementor-col-100 elementor-top-column elementor-element elementor-element-46870ff elementor-invisible\" data-id=\"46870ff\" data-element_type=\"column\" data-e-type=\"column\" data-settings=\"{&quot;animation&quot;:&quot;fadeInLeft&quot;}\">\n\t\t\t<div class=\"elementor-widget-wrap elementor-element-populated\">\n\t\t\t\t\t\t<div class=\"elementor-element elementor-element-85493f8 elementor-widget elementor-widget-image\" data-id=\"85493f8\" data-element_type=\"widget\" data-e-type=\"widget\" data-widget_type=\"image.default\">\n\t\t\t\t<div class=\"elementor-widget-container\">\n\t\t\t\t\t\t\t\t\t\t\t\t\t\t\t\t<a href=\"https:\/\/umhlegal.com\/en\/ekip\/umut-has\/\">\n\t\t\t\t\t\t\t<img decoding=\"async\" src=\"https:\/\/umhlegal.com\/wp-content\/uploads\/elementor\/thumbs\/Umut-Has-r6eyvzigncseqpbenhm92n5sptypyhzt8qv5k8uomk.jpeg\" title=\"Umut Has\" alt=\"Umut Has\" class=\"elementor-animation-float\" loading=\"lazy\" \/>\t\t\t\t\t\t\t\t<\/a>\n\t\t\t\t\t\t\t\t\t\t\t\t\t\t\t<\/div>\n\t\t\t\t<\/div>\n\t\t\t\t<div class=\"elementor-element elementor-element-f410ec6 elementor-widget elementor-widget-heading\" data-id=\"f410ec6\" data-element_type=\"widget\" data-e-type=\"widget\" data-widget_type=\"heading.default\">\n\t\t\t\t<div class=\"elementor-widget-container\">\n\t\t\t\t\t<h4 class=\"elementor-heading-title elementor-size-default\"><a href=\"https:\/\/umhlegal.com\/en\/ekip\/umut-has\/\">UMUT HAS<\/a><\/h4>\t\t\t\t<\/div>\n\t\t\t\t<\/div>\n\t\t\t\t<div class=\"elementor-element elementor-element-4ee7747 elementor-widget elementor-widget-text-editor\" data-id=\"4ee7747\" data-element_type=\"widget\" data-e-type=\"widget\" data-widget_type=\"text-editor.default\">\n\t\t\t\t<div class=\"elementor-widget-container\">\n\t\t\t\t\t\t\t\t\tFounding Partner\t\t\t\t\t\t\t\t<\/div>\n\t\t\t\t<\/div>\n\t\t\t\t<div class=\"elementor-element elementor-element-3f9f970 elementor-view-default elementor-widget elementor-widget-icon\" data-id=\"3f9f970\" data-element_type=\"widget\" data-e-type=\"widget\" data-widget_type=\"icon.default\">\n\t\t\t\t<div class=\"elementor-widget-container\">\n\t\t\t\t\t\t\t<div class=\"elementor-icon-wrapper\">\n\t\t\t<a class=\"elementor-icon\" href=\"https:\/\/umhlegal.com\/en\/ekip\/umut-has\/\" target=\"_blank\">\n\t\t\t<svg aria-hidden=\"true\" class=\"e-font-icon-svg e-fas-arrow-right\" viewBox=\"0 0 448 512\" xmlns=\"http:\/\/www.w3.org\/2000\/svg\"><path d=\"M190.5 66.9l22.2-22.2c9.4-9.4 24.6-9.4 33.9 0L441 239c9.4 9.4 9.4 24.6 0 33.9L246.6 467.3c-9.4 9.4-24.6 9.4-33.9 0l-22.2-22.2c-9.5-9.5-9.3-25 .4-34.3L311.4 296H24c-13.3 0-24-10.7-24-24v-32c0-13.3 10.7-24 24-24h287.4L190.9 101.2c-9.8-9.3-10-24.8-.4-34.3z\"><\/path><\/svg>\t\t\t<\/a>\n\t\t<\/div>\n\t\t\t\t\t\t<\/div>\n\t\t\t\t<\/div>\n\t\t\t\t\t<\/div>\n\t\t<\/div>\n\t\t\t\t\t<\/div>\n\t\t<\/section>\n\t\t\t\t<\/div>\n\t\t\t\t<div data-elementor-type=\"loop-item\" data-elementor-id=\"1362\" class=\"elementor elementor-1362 elementor-923 e-loop-item e-loop-item-1657 post-1657 ekip type-ekip status-publish has-post-thumbnail hentry\" data-elementor-post-type=\"elementor_library\" data-custom-edit-handle=\"1\">\n\t\t\t\t\t<section class=\"elementor-section elementor-top-section elementor-element elementor-element-be4e75c elementor-section-boxed elementor-section-height-default elementor-section-height-default elementor-invisible\" data-id=\"be4e75c\" data-element_type=\"section\" data-e-type=\"section\" data-settings=\"{&quot;animation&quot;:&quot;fadeInLeft&quot;}\">\n\t\t\t\t\t\t<div class=\"elementor-container elementor-column-gap-default\">\n\t\t\t\t\t<div class=\"elementor-column elementor-col-100 elementor-top-column elementor-element elementor-element-46870ff elementor-invisible\" data-id=\"46870ff\" data-element_type=\"column\" data-e-type=\"column\" data-settings=\"{&quot;animation&quot;:&quot;fadeInLeft&quot;}\">\n\t\t\t<div class=\"elementor-widget-wrap elementor-element-populated\">\n\t\t\t\t\t\t<div class=\"elementor-element elementor-element-85493f8 elementor-widget elementor-widget-image\" data-id=\"85493f8\" data-element_type=\"widget\" data-e-type=\"widget\" data-widget_type=\"image.default\">\n\t\t\t\t<div class=\"elementor-widget-container\">\n\t\t\t\t\t\t\t\t\t\t\t\t\t\t\t\t<a href=\"https:\/\/umhlegal.com\/en\/ekip\/mehmet-guzel\/\">\n\t\t\t\t\t\t\t<img decoding=\"async\" src=\"https:\/\/umhlegal.com\/wp-content\/uploads\/elementor\/thumbs\/Mehmet-Guzel-scaled-r6ddlrhmilrex4t6l2yjo1deiyecgh42dov7fqj3u4.webp\" title=\"Mehmet G\u00fczel\" alt=\"Mehmet G\u00fczel\" class=\"elementor-animation-float\" loading=\"lazy\" \/>\t\t\t\t\t\t\t\t<\/a>\n\t\t\t\t\t\t\t\t\t\t\t\t\t\t\t<\/div>\n\t\t\t\t<\/div>\n\t\t\t\t<div class=\"elementor-element elementor-element-f410ec6 elementor-widget elementor-widget-heading\" data-id=\"f410ec6\" data-element_type=\"widget\" data-e-type=\"widget\" data-widget_type=\"heading.default\">\n\t\t\t\t<div class=\"elementor-widget-container\">\n\t\t\t\t\t<h4 class=\"elementor-heading-title elementor-size-default\"><a href=\"https:\/\/umhlegal.com\/en\/ekip\/mehmet-guzel\/\">MEHMET G\u00dcZEL<\/a><\/h4>\t\t\t\t<\/div>\n\t\t\t\t<\/div>\n\t\t\t\t<div class=\"elementor-element elementor-element-4ee7747 elementor-widget elementor-widget-text-editor\" data-id=\"4ee7747\" data-element_type=\"widget\" data-e-type=\"widget\" data-widget_type=\"text-editor.default\">\n\t\t\t\t<div class=\"elementor-widget-container\">\n\t\t\t\t\t\t\t\t\tPartner\t\t\t\t\t\t\t\t<\/div>\n\t\t\t\t<\/div>\n\t\t\t\t<div class=\"elementor-element elementor-element-3f9f970 elementor-view-default elementor-widget elementor-widget-icon\" data-id=\"3f9f970\" data-element_type=\"widget\" data-e-type=\"widget\" data-widget_type=\"icon.default\">\n\t\t\t\t<div class=\"elementor-widget-container\">\n\t\t\t\t\t\t\t<div class=\"elementor-icon-wrapper\">\n\t\t\t<a class=\"elementor-icon\" href=\"https:\/\/umhlegal.com\/en\/ekip\/mehmet-guzel\/\" target=\"_blank\">\n\t\t\t<svg aria-hidden=\"true\" class=\"e-font-icon-svg e-fas-arrow-right\" viewBox=\"0 0 448 512\" xmlns=\"http:\/\/www.w3.org\/2000\/svg\"><path d=\"M190.5 66.9l22.2-22.2c9.4-9.4 24.6-9.4 33.9 0L441 239c9.4 9.4 9.4 24.6 0 33.9L246.6 467.3c-9.4 9.4-24.6 9.4-33.9 0l-22.2-22.2c-9.5-9.5-9.3-25 .4-34.3L311.4 296H24c-13.3 0-24-10.7-24-24v-32c0-13.3 10.7-24 24-24h287.4L190.9 101.2c-9.8-9.3-10-24.8-.4-34.3z\"><\/path><\/svg>\t\t\t<\/a>\n\t\t<\/div>\n\t\t\t\t\t\t<\/div>\n\t\t\t\t<\/div>\n\t\t\t\t\t<\/div>\n\t\t<\/div>\n\t\t\t\t\t<\/div>\n\t\t<\/section>\n\t\t\t\t<\/div>\n\t\t\t\t<div data-elementor-type=\"loop-item\" data-elementor-id=\"1362\" class=\"elementor elementor-1362 elementor-923 e-loop-item e-loop-item-1658 post-1658 ekip type-ekip status-publish has-post-thumbnail hentry\" data-elementor-post-type=\"elementor_library\" data-custom-edit-handle=\"1\">\n\t\t\t\t\t<section class=\"elementor-section elementor-top-section elementor-element elementor-element-be4e75c elementor-section-boxed elementor-section-height-default elementor-section-height-default elementor-invisible\" data-id=\"be4e75c\" data-element_type=\"section\" data-e-type=\"section\" data-settings=\"{&quot;animation&quot;:&quot;fadeInLeft&quot;}\">\n\t\t\t\t\t\t<div class=\"elementor-container elementor-column-gap-default\">\n\t\t\t\t\t<div class=\"elementor-column elementor-col-100 elementor-top-column elementor-element elementor-element-46870ff elementor-invisible\" data-id=\"46870ff\" data-element_type=\"column\" data-e-type=\"column\" data-settings=\"{&quot;animation&quot;:&quot;fadeInLeft&quot;}\">\n\t\t\t<div class=\"elementor-widget-wrap elementor-element-populated\">\n\t\t\t\t\t\t<div class=\"elementor-element elementor-element-85493f8 elementor-widget elementor-widget-image\" data-id=\"85493f8\" data-element_type=\"widget\" data-e-type=\"widget\" data-widget_type=\"image.default\">\n\t\t\t\t<div class=\"elementor-widget-container\">\n\t\t\t\t\t\t\t\t\t\t\t\t\t\t\t\t<a href=\"https:\/\/umhlegal.com\/en\/ekip\/irem-unlu\/\">\n\t\t\t\t\t\t\t<img decoding=\"async\" src=\"https:\/\/umhlegal.com\/wp-content\/uploads\/elementor\/thumbs\/Irem-Unlu-scaled-r6dekikt73c264bwnlqzcrnx6t3w1m2stp6h7103sc.webp\" title=\"\u0130rem \u00dcnl\u00fc\" alt=\"\u0130rem \u00dcnl\u00fc\" class=\"elementor-animation-float\" loading=\"lazy\" \/>\t\t\t\t\t\t\t\t<\/a>\n\t\t\t\t\t\t\t\t\t\t\t\t\t\t\t<\/div>\n\t\t\t\t<\/div>\n\t\t\t\t<div class=\"elementor-element elementor-element-f410ec6 elementor-widget elementor-widget-heading\" data-id=\"f410ec6\" data-element_type=\"widget\" data-e-type=\"widget\" data-widget_type=\"heading.default\">\n\t\t\t\t<div class=\"elementor-widget-container\">\n\t\t\t\t\t<h4 class=\"elementor-heading-title elementor-size-default\"><a href=\"https:\/\/umhlegal.com\/en\/ekip\/irem-unlu\/\">\u0130REM \u00dcNL\u00dc<\/a><\/h4>\t\t\t\t<\/div>\n\t\t\t\t<\/div>\n\t\t\t\t<div class=\"elementor-element elementor-element-4ee7747 elementor-widget elementor-widget-text-editor\" data-id=\"4ee7747\" data-element_type=\"widget\" data-e-type=\"widget\" data-widget_type=\"text-editor.default\">\n\t\t\t\t<div class=\"elementor-widget-container\">\n\t\t\t\t\t\t\t\t\tLawyer\t\t\t\t\t\t\t\t<\/div>\n\t\t\t\t<\/div>\n\t\t\t\t<div class=\"elementor-element elementor-element-3f9f970 elementor-view-default elementor-widget elementor-widget-icon\" data-id=\"3f9f970\" data-element_type=\"widget\" data-e-type=\"widget\" data-widget_type=\"icon.default\">\n\t\t\t\t<div class=\"elementor-widget-container\">\n\t\t\t\t\t\t\t<div class=\"elementor-icon-wrapper\">\n\t\t\t<a class=\"elementor-icon\" href=\"https:\/\/umhlegal.com\/en\/ekip\/irem-unlu\/\" target=\"_blank\">\n\t\t\t<svg aria-hidden=\"true\" class=\"e-font-icon-svg e-fas-arrow-right\" viewBox=\"0 0 448 512\" xmlns=\"http:\/\/www.w3.org\/2000\/svg\"><path d=\"M190.5 66.9l22.2-22.2c9.4-9.4 24.6-9.4 33.9 0L441 239c9.4 9.4 9.4 24.6 0 33.9L246.6 467.3c-9.4 9.4-24.6 9.4-33.9 0l-22.2-22.2c-9.5-9.5-9.3-25 .4-34.3L311.4 296H24c-13.3 0-24-10.7-24-24v-32c0-13.3 10.7-24 24-24h287.4L190.9 101.2c-9.8-9.3-10-24.8-.4-34.3z\"><\/path><\/svg>\t\t\t<\/a>\n\t\t<\/div>\n\t\t\t\t\t\t<\/div>\n\t\t\t\t<\/div>\n\t\t\t\t\t<\/div>\n\t\t<\/div>\n\t\t\t\t\t<\/div>\n\t\t<\/section>\n\t\t\t\t<\/div>\n\t\t\t\t<div data-elementor-type=\"loop-item\" data-elementor-id=\"1362\" class=\"elementor elementor-1362 elementor-923 e-loop-item e-loop-item-1655 post-1655 ekip type-ekip status-publish has-post-thumbnail hentry\" data-elementor-post-type=\"elementor_library\" data-custom-edit-handle=\"1\">\n\t\t\t\t\t<section class=\"elementor-section elementor-top-section elementor-element elementor-element-be4e75c elementor-section-boxed elementor-section-height-default elementor-section-height-default elementor-invisible\" data-id=\"be4e75c\" data-element_type=\"section\" data-e-type=\"section\" data-settings=\"{&quot;animation&quot;:&quot;fadeInLeft&quot;}\">\n\t\t\t\t\t\t<div class=\"elementor-container elementor-column-gap-default\">\n\t\t\t\t\t<div class=\"elementor-column elementor-col-100 elementor-top-column elementor-element elementor-element-46870ff elementor-invisible\" data-id=\"46870ff\" data-element_type=\"column\" data-e-type=\"column\" data-settings=\"{&quot;animation&quot;:&quot;fadeInLeft&quot;}\">\n\t\t\t<div class=\"elementor-widget-wrap elementor-element-populated\">\n\t\t\t\t\t\t<div class=\"elementor-element elementor-element-85493f8 elementor-widget elementor-widget-image\" data-id=\"85493f8\" data-element_type=\"widget\" data-e-type=\"widget\" data-widget_type=\"image.default\">\n\t\t\t\t<div class=\"elementor-widget-container\">\n\t\t\t\t\t\t\t\t\t\t\t\t\t\t\t\t<a href=\"https:\/\/umhlegal.com\/en\/ekip\/sumeyye-karahan\/\">\n\t\t\t\t\t\t\t<img decoding=\"async\" src=\"https:\/\/umhlegal.com\/wp-content\/uploads\/elementor\/thumbs\/Sumeyye-Karahan-scaled-r6ddmvwoohaqsd6h12fi59682iv4ngkiv8x32mv6ek.webp\" title=\"S\u00fcmeyye Karahan\" alt=\"S\u00fcmeyye Karahan\" class=\"elementor-animation-float\" loading=\"lazy\" \/>\t\t\t\t\t\t\t\t<\/a>\n\t\t\t\t\t\t\t\t\t\t\t\t\t\t\t<\/div>\n\t\t\t\t<\/div>\n\t\t\t\t<div class=\"elementor-element elementor-element-f410ec6 elementor-widget elementor-widget-heading\" data-id=\"f410ec6\" data-element_type=\"widget\" data-e-type=\"widget\" data-widget_type=\"heading.default\">\n\t\t\t\t<div class=\"elementor-widget-container\">\n\t\t\t\t\t<h4 class=\"elementor-heading-title elementor-size-default\"><a href=\"https:\/\/umhlegal.com\/en\/ekip\/sumeyye-karahan\/\">S\u00dcMEYYE KARAHAN<\/a><\/h4>\t\t\t\t<\/div>\n\t\t\t\t<\/div>\n\t\t\t\t<div class=\"elementor-element elementor-element-4ee7747 elementor-widget elementor-widget-text-editor\" data-id=\"4ee7747\" data-element_type=\"widget\" data-e-type=\"widget\" data-widget_type=\"text-editor.default\">\n\t\t\t\t<div class=\"elementor-widget-container\">\n\t\t\t\t\t\t\t\t\tLawyer\t\t\t\t\t\t\t\t<\/div>\n\t\t\t\t<\/div>\n\t\t\t\t<div class=\"elementor-element elementor-element-3f9f970 elementor-view-default elementor-widget elementor-widget-icon\" data-id=\"3f9f970\" data-element_type=\"widget\" data-e-type=\"widget\" data-widget_type=\"icon.default\">\n\t\t\t\t<div class=\"elementor-widget-container\">\n\t\t\t\t\t\t\t<div class=\"elementor-icon-wrapper\">\n\t\t\t<a class=\"elementor-icon\" href=\"https:\/\/umhlegal.com\/en\/ekip\/sumeyye-karahan\/\" target=\"_blank\">\n\t\t\t<svg aria-hidden=\"true\" class=\"e-font-icon-svg e-fas-arrow-right\" viewBox=\"0 0 448 512\" xmlns=\"http:\/\/www.w3.org\/2000\/svg\"><path d=\"M190.5 66.9l22.2-22.2c9.4-9.4 24.6-9.4 33.9 0L441 239c9.4 9.4 9.4 24.6 0 33.9L246.6 467.3c-9.4 9.4-24.6 9.4-33.9 0l-22.2-22.2c-9.5-9.5-9.3-25 .4-34.3L311.4 296H24c-13.3 0-24-10.7-24-24v-32c0-13.3 10.7-24 24-24h287.4L190.9 101.2c-9.8-9.3-10-24.8-.4-34.3z\"><\/path><\/svg>\t\t\t<\/a>\n\t\t<\/div>\n\t\t\t\t\t\t<\/div>\n\t\t\t\t<\/div>\n\t\t\t\t\t<\/div>\n\t\t<\/div>\n\t\t\t\t\t<\/div>\n\t\t<\/section>\n\t\t\t\t<\/div>\n\t\t\t\t<\/div>\n\t\t\n\t\t\t\t\t\t<\/div>\n\t\t\t\t<\/div>\n\t\t\t\t\t<\/div>\n\t\t<\/div>\n\t\t\t\t\t<\/div>\n\t\t<\/section>\n\t\t\t\t<\/div>\n\t\t","protected":false},"excerpt":{"rendered":"<p>OUR PROFESSIONAL TEAM<\/p>\n","protected":false},"author":1,"featured_media":0,"parent":0,"menu_order":0,"comment_status":"closed","ping_status":"closed","template":"","meta":{"_acf_changed":false,"footnotes":""},"class_list":["post-1346","page","type-page","status-publish","hentry"],"acf":[],"_links":{"self":[{"href":"https:\/\/umhlegal.com\/en\/wp-json\/wp\/v2\/pages\/1346","targetHints":{"allow":["GET"]}}],"collection":[{"href":"https:\/\/umhlegal.com\/en\/wp-json\/wp\/v2\/pages"}],"about":[{"href":"https:\/\/umhlegal.com\/en\/wp-json\/wp\/v2\/types\/page"}],"author":[{"embeddable":true,"href":"https:\/\/umhlegal.com\/en\/wp-json\/wp\/v2\/users\/1"}],"replies":[{"embeddable":true,"href":"https:\/\/umhlegal.com\/en\/wp-json\/wp\/v2\/comments?post=1346"}],"version-history":[{"count":1,"href":"https:\/\/umhlegal.com\/en\/wp-json\/wp\/v2\/pages\/1346\/revisions"}],"predecessor-version":[{"id":1347,"href":"https:\/\/umhlegal.com\/en\/wp-json\/wp\/v2\/pages\/1346\/revisions\/1347"}],"wp:attachment":[{"href":"https:\/\/umhlegal.com\/en\/wp-json\/wp\/v2\/media?parent=1346"}],"curies":[{"name":"wp","href":"https:\/\/api.w.org\/{rel}","templated":true}]}}